{"id":20,"date":"2017-09-01T05:59:10","date_gmt":"2017-09-01T03:59:10","guid":{"rendered":"http:\/\/www.krutzlerbau.at\/web\/?page_id=20"},"modified":"2021-06-14T08:17:13","modified_gmt":"2021-06-14T06:17:13","slug":"leistungen","status":"publish","type":"page","link":"https:\/\/www.krutzlerbau.at\/web\/leistungen\/","title":{"rendered":"Leistungen"},"content":{"rendered":"\n<h1 class=\"has-text-align-center wp-block-heading\">Unser Spezialgebiet: Erdarbeiten<\/h1>\n\n\n\n<div class=\"wp-block-columns is-layout-flex wp-container-core-columns-is-layout-9d6595d7 wp-block-columns-is-layout-flex\">\n<div class=\"wp-block-column is-layout-flow wp-block-column-is-layout-flow\" style=\"flex-basis:100%\">\n<figure class=\"wp-block-pullquote alignwide is-style-default\" style=\"border-color:#ff9100\"><blockquote><p>Der Einsatz mit unseren Baggern von 1.5to bis 21to ist es uns m\u00f6glich, jede Art von Erdbewegung zu erledigen. Unsere Arbeitsger\u00e4te sind mit div. Zusatzger\u00e4ten ausger\u00fcstet und auf dem neuesten Stand. Die Arbeiten erstrecken sich von klassischen Erdarbeiten \u00fcber Steinmauern bis hin zu Bach,-Flussarbeiten (\u00d6kologisierung). Durch unser kleines Sortiment f\u00fcr die Landschaftspflege ist es uns auch m\u00f6glich jegliche Rodungsarbeiten zu erledigen.<\/p><\/blockquote><\/figure>\n<\/div>\n<\/div>\n\n\n\n<div class=\"wp-block-group is-layout-flow wp-block-group-is-layout-flow\"><div class=\"wp-block-group__inner-container\"><\/div><\/div>\n\n\n\n<h1 class=\"has-text-align-center wp-block-heading\">Erdarbeiten und G\u00fctertransporte<\/h1>\n\n\n\n<figure class=\"wp-block-pullquote alignwide\" style=\"border-color:#ff9100\"><blockquote><p>Durch den Einsatz der Maschinen erleichtern wir uns und auch Ihnen enorme Zeit und Kostenersparnis. Unsere geschulten Mitarbeiter haben bereits jahrelange Erfahrung mit diesen Ger\u00e4ten und k\u00f6nnen Ihre anfallenden Arbeiten rasch und zufriedenstellend durchf\u00fchren.<\/p><\/blockquote><\/figure>\n\n\n\n<h1 class=\"has-text-align-center wp-block-heading\">Neubau von Ein- u. Mehrfamilienh\u00e4usern sowie Gewerbe u. Kommunalbauten<\/h1>\n\n\n\n<figure class=\"wp-block-pullquote alignwide\" style=\"border-color:#ff9100\"><blockquote><p>Sie geben uns Ihre W\u00fcnsche f\u00fcr Ihr Traumhaus bekannt, danach werden Skizzen und Entw\u00fcrfe hergestellt. Nach ausf\u00fchrlichen Gespr\u00e4chen erfolgt dann die Planung auf unserer CAD-Anlage. \u00c4nderungen und Wunscheinbringungen k\u00f6nnen jederzeit und rasch eingebracht werden.<br>Zur Planherstellung geh\u00f6ren auch alle notwendigen Unterlagen f\u00fcr die Einreichung Ihres Objektes.  Nach der Planung errichten wir Ihren Neubau ganz nach Ihren Vorstellungen. Durch unsere langj\u00e4hrige Erfahrung und unser geschultes Fachpersonal ist es uns m\u00f6glich, verschiedenste Arbeiten prompt, zuverl\u00e4ssig und zu Ihrer Zufriedenheit zu erf\u00fcllen.<\/p><\/blockquote><\/figure>\n\n\n\n<h1 class=\"has-text-align-center wp-block-heading\">Sanierung u. Adaptierungsarbeiten, Umbau und Fassadensanierungen<\/h1>\n\n\n\n<figure class=\"wp-block-pullquote alignwide\" style=\"border-color:#ff9100\"><blockquote><p>Durch unsere langj\u00e4hrige Erfahrung und unser geschultes Fachpersonal, ist es uns m\u00f6glich, verschiedenste Arbeiten prompt, zuverl\u00e4ssig und zu Ihrer Zufriedenheit zu erf\u00fcllen. Wenn Sie Ihr bestehendes Haus renovieren oder einen Zubau wollen, sind Sie bei uns an der richtigen Adresse.<br>Durch unser Fachpersonal und die richtigen Ger\u00e4te und Werkzeuge k\u00f6nnen wir aus noch so desolaten Bauwerken wahre \u201eSchmuckst\u00fccke\u201c herstellen. Wir besch\u00e4ftigen uns auch mit der Au\u00dfenanlage Ihres Bauvorhabens (Unterbau, Pflasterungen usw.).<\/p><\/blockquote><\/figure>\n\n\n\n<h1 class=\"has-text-align-center wp-block-heading\">Kanal u. Leitungsbau<\/h1>\n\n\n\n<figure class=\"wp-block-pullquote alignwide\" style=\"border-color:#ff9100\"><blockquote><p>Wir f\u00fchren Ortskanalisationen, Leitungsbau f\u00fcr \u00f6ffentliche Auftraggeber durch.<br>Aber auch f\u00fcr private Kunden werden s\u00e4mtliche Arbeiten im Leitungsbau get\u00e4tigt (Strom, Wasser, Telefon, Fernw\u00e4rme usw.).<\/p><\/blockquote><\/figure>\n\n\n\n<h1 class=\"has-text-align-center wp-block-heading\">Baustofflieferungen<\/h1>\n\n\n\n<figure class=\"wp-block-pullquote alignwide\" style=\"border-color:#ff9100\"><blockquote><p>F\u00fcr Ihren Hausbaubedarf haben wir immer f\u00fcr sie auf Lager:<br>Sand u. Schotter , Baustahl u. Gitter, Zement, Kalk, M\u00f6rtel, Ziegel, \u00dcberlagen, Schachtteile, Rohre, Putze usw.<br>Falls etwas nicht lagernd sein sollte, ist es kein Problem f\u00fcr uns, es in k\u00fcrzester Zeit f\u00fcr Sie zu bestellen.<\/p><\/blockquote><\/figure>\n\n\n\n<h1 class=\"has-text-align-center wp-block-heading\">Transportbeton<\/h1>\n\n\n\n<figure class=\"wp-block-pullquote alignwide\" style=\"border-color:#ff9100\"><blockquote><p>F\u00fcr den kleinen H\u00e4uselbauer liefern wir Ihnen die gew\u00fcnschte Betonsorte.<br>Mit den geeigneten Ger\u00e4ten bringen wir den Beton direkt bis zum Einbauteil Ihres Objektes, ohne das f\u00fcr Sie irgendwelche M\u00fchen entstehen.<\/p><\/blockquote><\/figure>\n\n\n\n<h1 class=\"has-text-align-center wp-block-heading\">Bauschutt\u00fcbernahme<\/h1>\n\n\n\n<figure class=\"wp-block-pullquote alignwide\" style=\"border-color:#ff9100\"><blockquote><p>Auf unserem genehmigten Baurestzwischenlager nehmen wir Ihren anfallenden Bauschutt entgegen bzw. holen ihn direkt von Ihrer Baustelle ab.<br>Nach sorgf\u00e4ltiger Trennung und Entfernung von Verunreinigungen, zerkleinern wir den Bauschutt mit unserer mobilen Brechanlage. Nach beh\u00f6rdlicher Pr\u00fcfung des Materials wird es f\u00fcr die Wiederverwertung als Recyclingmaterial eingesetzt. (z.B. Wegebau, Unterbau, Aufsch\u00fcttungen usw.)<\/p><\/blockquote><\/figure>\n\n\n\n<h1 class=\"has-text-align-center wp-block-heading\">Fuhrpark<\/h1>\n\n\n\n<p class=\"has-text-align-center\">Unser Maschinenger\u00e4tepark umfasst:<\/p>\n\n\n\n<div class=\"wp-block-columns is-layout-flex wp-container-core-columns-is-layout-9d6595d7 wp-block-columns-is-layout-flex\">\n<div class=\"wp-block-column is-layout-flow wp-block-column-is-layout-flow\" style=\"flex-basis:100%\">\n<p class=\"has-text-align-center\"><strong>Drehkranzbagger<\/strong><\/p>\n<\/div>\n<\/div>\n\n\n\n<div class=\"wp-block-columns are-vertically-aligned-center is-layout-flex wp-container-core-columns-is-layout-9d6595d7 wp-block-columns-is-layout-flex\">\n<div class=\"wp-block-column is-vertically-aligned-center is-layout-flow wp-block-column-is-layout-flow\" style=\"flex-basis:20%\">\n<p class=\"has-text-align-center\">Takeuchi TB0\/15<\/p>\n<\/div>\n\n\n\n<div class=\"wp-block-column is-vertically-aligned-center is-layout-flow wp-block-column-is-layout-flow\" style=\"flex-basis:20%\">\n<p>Takeuchi TB0\/70<\/p>\n<\/div>\n\n\n\n<div class=\"wp-block-column is-vertically-aligned-center is-layout-flow wp-block-column-is-layout-flow\" style=\"flex-basis:20%\">\n<p>Takeuchi T295W<\/p>\n<\/div>\n\n\n\n<div class=\"wp-block-column is-vertically-aligned-center is-layout-flow wp-block-column-is-layout-flow\" style=\"flex-basis:20%\">\n<p>Hyundai 210 Ic9<\/p>\n<\/div>\n\n\n\n<div class=\"wp-block-column is-layout-flow wp-block-column-is-layout-flow\" style=\"flex-basis:20%\">\n<p>Hyundai 220 lc9A<\/p>\n<\/div>\n<\/div>\n\n\n\n<p class=\"has-text-align-center\">________________________________________________________________________________________<\/p>\n\n\n\n<p class=\"has-text-align-center\"><strong>Radlader<\/strong><\/p>\n\n\n\n<div class=\"wp-block-columns is-layout-flex wp-container-core-columns-is-layout-9d6595d7 wp-block-columns-is-layout-flex\">\n<div class=\"wp-block-column is-layout-flow wp-block-column-is-layout-flow\" style=\"flex-basis:50%\">\n<p class=\"has-text-align-center\">Liebherr gro\u00df<\/p>\n<\/div>\n\n\n\n<div class=\"wp-block-column is-layout-flow wp-block-column-is-layout-flow\" style=\"flex-basis:50%\">\n<p class=\"has-text-align-center\">Liebherr klein<\/p>\n<\/div>\n<\/div>\n\n\n\n<p class=\"has-text-align-center\">________________________________________________________________________________________<\/p>\n\n\n\n<p class=\"has-text-align-center\"><strong>2-Achser LKW<\/strong><\/p>\n\n\n\n<div class=\"wp-block-columns is-layout-flex wp-container-core-columns-is-layout-9d6595d7 wp-block-columns-is-layout-flex\">\n<div class=\"wp-block-column is-layout-flow wp-block-column-is-layout-flow\" style=\"flex-basis:100%\">\n<p class=\"has-text-align-center\">Iveco 3-Seitenkipper<\/p>\n<\/div>\n<\/div>\n\n\n\n<p class=\"has-text-align-center\">________________________________________________________________________________________<\/p>\n\n\n\n<p class=\"has-text-align-center\"><strong>4-Achser Mischwagen LKW<\/strong><\/p>\n\n\n\n<div class=\"wp-block-columns is-layout-flex wp-container-core-columns-is-layout-9d6595d7 wp-block-columns-is-layout-flex\">\n<div class=\"wp-block-column is-layout-flow wp-block-column-is-layout-flow\" style=\"flex-basis:20%\">\n<p class=\"has-text-align-center\">Iveco Mischer Kran<\/p>\n<\/div>\n\n\n\n<div class=\"wp-block-column is-layout-flow wp-block-column-is-layout-flow\" style=\"flex-basis:20%\">\n<p class=\"has-text-align-center\">\u00d6AF PuMi<\/p>\n<\/div>\n\n\n\n<div class=\"wp-block-column is-layout-flow wp-block-column-is-layout-flow\" style=\"flex-basis:20%\">\n<p class=\"has-text-align-center\">Volvo<\/p>\n<\/div>\n\n\n\n<div class=\"wp-block-column is-layout-flow wp-block-column-is-layout-flow\" style=\"flex-basis:20%\">\n<p class=\"has-text-align-center\">MAN 8&#215;6<\/p>\n<\/div>\n\n\n\n<div class=\"wp-block-column is-layout-flow wp-block-column-is-layout-flow\" style=\"flex-basis:20%\">\n<p class=\"has-text-align-center\">MAN<\/p>\n<\/div>\n<\/div>\n\n\n\n<p class=\"has-text-align-center\">________________________________________________________________________________________<\/p>\n\n\n\n<p class=\"has-text-align-center\"><strong>4-Achser Kipper LKW<\/strong><\/p>\n\n\n\n<div class=\"wp-block-columns is-layout-flex wp-container-core-columns-is-layout-9d6595d7 wp-block-columns-is-layout-flex\">\n<div class=\"wp-block-column is-layout-flow wp-block-column-is-layout-flow\" style=\"flex-basis:25%\">\n<p class=\"has-text-align-center\">Volvo 3-seitenkipper<\/p>\n<\/div>\n\n\n\n<div class=\"wp-block-column is-layout-flow wp-block-column-is-layout-flow\" style=\"flex-basis:25%\">\n<p class=\"has-text-align-center\">Iveco 3-Seitenkipper<\/p>\n<\/div>\n\n\n\n<div class=\"wp-block-column is-layout-flow wp-block-column-is-layout-flow\" style=\"flex-basis:25%\">\n<p class=\"has-text-align-center\">MAN 8\u00d76 3-Seitenkipper<\/p>\n<\/div>\n\n\n\n<div class=\"wp-block-column is-layout-flow wp-block-column-is-layout-flow\" style=\"flex-basis:25%\">\n<p class=\"has-text-align-center\">MAN Hackenaufbau<\/p>\n<\/div>\n<\/div>\n\n\n\n<p class=\"has-text-align-center\">________________________________________________________________________________________<\/p>\n\n\n\n<p class=\"has-text-align-center\"><strong>Weitere Maschinen<\/strong><\/p>\n\n\n\n<div class=\"wp-block-columns is-layout-flex wp-container-core-columns-is-layout-9d6595d7 wp-block-columns-is-layout-flex\">\n<div class=\"wp-block-column is-layout-flow wp-block-column-is-layout-flow\" style=\"flex-basis:33.33%\">\n<p class=\"has-text-align-center\">JCB 4&#215;4<\/p>\n<\/div>\n\n\n\n<div class=\"wp-block-column is-layout-flow wp-block-column-is-layout-flow\" style=\"flex-basis:33.33%\">\n<p class=\"has-text-align-center\">Laderraupe Komatsu<\/p>\n<\/div>\n\n\n\n<div class=\"wp-block-column is-layout-flow wp-block-column-is-layout-flow\" style=\"flex-basis:33.33%\">\n<p class=\"has-text-align-center\">Betonbrecher<\/p>\n<\/div>\n<\/div>\n\n\n\n<p class=\"has-text-align-center\">________________________________________________________________________________________<\/p>\n\n\n\n<p class=\"has-text-align-center\">Weiters besitzen wir zu diesen Ger\u00e4ten B\u00f6schungs- u. Trapezl\u00f6ffel, Hydromeisel, Betonbrechzange zur Betonpulverisierung und Holzzange f\u00fcr die Walddurchforstung<\/p>\n","protected":false},"excerpt":{"rendered":"<p>Unser Spezialgebiet: Erdarbeiten Der Einsatz mit unseren Baggern von 1.5to bis 21to ist es uns m\u00f6glich, jede Art von Erdbewegung zu erledigen. Unsere Arbeitsger\u00e4te sind mit div. Zusatzger\u00e4ten ausger\u00fcstet und auf dem neuesten Stand. Die Arbeiten erstrecken sich von klassischen Erdarbeiten \u00fcber Steinmauern bis hin zu Bach,-Flussarbeiten (\u00d6kologisierung). Durch unser [&hellip;]<\/p>\n","protected":false},"author":3,"featured_media":257,"parent":0,"menu_order":0,"comment_status":"closed","ping_status":"closed","template":"","meta":{"footnotes":""},"class_list":["post-20","page","type-page","status-publish","has-post-thumbnail","hentry"],"_links":{"self":[{"href":"https:\/\/www.krutzlerbau.at\/web\/wp-json\/wp\/v2\/pages\/20","targetHints":{"allow":["GET"]}}],"collection":[{"href":"https:\/\/www.krutzlerbau.at\/web\/wp-json\/wp\/v2\/pages"}],"about":[{"href":"https:\/\/www.krutzlerbau.at\/web\/wp-json\/wp\/v2\/types\/page"}],"author":[{"embeddable":true,"href":"https:\/\/www.krutzlerbau.at\/web\/wp-json\/wp\/v2\/users\/3"}],"replies":[{"embeddable":true,"href":"https:\/\/www.krutzlerbau.at\/web\/wp-json\/wp\/v2\/comments?post=20"}],"version-history":[{"count":32,"href":"https:\/\/www.krutzlerbau.at\/web\/wp-json\/wp\/v2\/pages\/20\/revisions"}],"predecessor-version":[{"id":324,"href":"https:\/\/www.krutzlerbau.at\/web\/wp-json\/wp\/v2\/pages\/20\/revisions\/324"}],"wp:featuredmedia":[{"embeddable":true,"href":"https:\/\/www.krutzlerbau.at\/web\/wp-json\/wp\/v2\/media\/257"}],"wp:attachment":[{"href":"https:\/\/www.krutzlerbau.at\/web\/wp-json\/wp\/v2\/media?parent=20"}],"curies":[{"name":"wp","href":"https:\/\/api.w.org\/{rel}","templated":true}]}}