{"id":158,"date":"2019-10-06T13:40:37","date_gmt":"2019-10-06T11:40:37","guid":{"rendered":"http:\/\/www.krutzlerbau.at\/web\/?page_id=158"},"modified":"2021-05-19T19:41:10","modified_gmt":"2021-05-19T17:41:10","slug":"elementor-158","status":"publish","type":"page","link":"https:\/\/www.krutzlerbau.at\/web\/","title":{"rendered":"Startseite"},"content":{"rendered":"\n<div class=\"wp-block-columns alignfull is-layout-flex wp-container-core-columns-is-layout-9d6595d7 wp-block-columns-is-layout-flex\">\n<div class=\"wp-block-column is-layout-flow wp-block-column-is-layout-flow\" style=\"flex-basis:100%\">\n<div class=\"wp-block-group\"><div class=\"wp-block-group__inner-container is-layout-flow wp-block-group-is-layout-flow\">\n<div class=\"wp-block-group alignwide\"><div class=\"wp-block-group__inner-container is-layout-flow wp-block-group-is-layout-flow\">\n<h2 style=\"text-align: center;\">Willkommen bei Krutzler-Bau<\/h2>\n<h4 style=\"text-align: center;\">Burgenl\u00e4ndischer Familienbetrieb mit Tradition!<\/h4>\n<h6 style=\"text-align: center;\">Ob Neubau, Umbau oder Sanierungsarbeiten sind wir Ihr professioneller Partner aus dem Mittelburgenland.<\/h6>\n<h6 style=\"text-align: center;\">Wir planen zusammen mit Ihren W\u00fcnschen Ihren Wohntraum. Aber auch jegliche Art von Erdbewegungen k\u00f6nnen wir mit Hilfe von unseren 1,5 to bis 21 to Baggern erledigen.\u00a0<\/h6>\n<h6 style=\"text-align: center;\">Unser Familienbetrieb hat in den mehr als 50 Jahren des Bestehens umfangreiche Erfahrung im Baugewerbe, sowie in Erdbewegung und G\u00fctertransporte sammeln k\u00f6nnen. Gro\u00dfes fachm\u00e4nnisches und bauhandwerkliches K\u00f6nnen unserer Mitarbeiter, auf der Baustelle wie auch im B\u00fcro, sowie regelm\u00e4\u00dfige Weiterbildung in Praxis, Planung und Technik sind in unserem Bauunternehmen Tradition.<br \/>F\u00fcr weitere Fragen steht Ihnen unser Team im B\u00fcro, Ingrid und Katrin Krutzler gerne zur Verf\u00fcgung.<\/h6>\n<h6 style=\"text-align: center;\">Gesch\u00e4ftsf\u00fchrung : Baumeister Albert Krutzler sen. B\u00fcro : Ing. Bmstr. Albert Krutzler jun. , Ingrid Krutzler und Katrin Krutzler<\/h6>\n<\/div><\/div>\n<\/div><\/div>\n<\/div>\n<\/div>\n","protected":false},"excerpt":{"rendered":"<p>Willkommen bei Krutzler-Bau Burgenl\u00e4ndischer Familienbetrieb mit Tradition! Ob Neubau, Umbau oder Sanierungsarbeiten sind wir Ihr professioneller Partner aus dem Mittelburgenland. Wir planen zusammen mit Ihren W\u00fcnschen Ihren Wohntraum. Aber auch jegliche Art von Erdbewegungen k\u00f6nnen wir mit Hilfe von unseren 1,5 to bis 21 to Baggern erledigen.\u00a0 Unser Familienbetrieb hat [&hellip;]<\/p>\n","protected":false},"author":3,"featured_media":0,"parent":0,"menu_order":0,"comment_status":"closed","ping_status":"closed","template":"","meta":{"footnotes":""},"class_list":["post-158","page","type-page","status-publish","hentry"],"_links":{"self":[{"href":"https:\/\/www.krutzlerbau.at\/web\/wp-json\/wp\/v2\/pages\/158","targetHints":{"allow":["GET"]}}],"collection":[{"href":"https:\/\/www.krutzlerbau.at\/web\/wp-json\/wp\/v2\/pages"}],"about":[{"href":"https:\/\/www.krutzlerbau.at\/web\/wp-json\/wp\/v2\/types\/page"}],"author":[{"embeddable":true,"href":"https:\/\/www.krutzlerbau.at\/web\/wp-json\/wp\/v2\/users\/3"}],"replies":[{"embeddable":true,"href":"https:\/\/www.krutzlerbau.at\/web\/wp-json\/wp\/v2\/comments?post=158"}],"version-history":[{"count":15,"href":"https:\/\/www.krutzlerbau.at\/web\/wp-json\/wp\/v2\/pages\/158\/revisions"}],"predecessor-version":[{"id":254,"href":"https:\/\/www.krutzlerbau.at\/web\/wp-json\/wp\/v2\/pages\/158\/revisions\/254"}],"wp:attachment":[{"href":"https:\/\/www.krutzlerbau.at\/web\/wp-json\/wp\/v2\/media?parent=158"}],"curies":[{"name":"wp","href":"https:\/\/api.w.org\/{rel}","templated":true}]}}